{"id":97,"date":"2020-06-16T01:12:56","date_gmt":"2020-06-16T06:12:56","guid":{"rendered":"https:\/\/plusbits.digital\/tienda\/?post_type=product&#038;p=97"},"modified":"2020-06-16T01:23:26","modified_gmt":"2020-06-16T06:23:26","slug":"merchandising-para-tiendas-online","status":"publish","type":"product","link":"https:\/\/plus-bits.com\/tienda\/producto\/merchandising-para-tiendas-online\/","title":{"rendered":"Merchandising para tiendas online"},"content":{"rendered":"<p class=\"font_8\">Las <strong>tiendas en l\u00ednea<\/strong> tambi\u00e9n necesitan visual merchandising.<\/p>\n<p class=\"font_8\"><strong>Incluye 4 (cuatro) vitrinas<\/strong><\/p>\n<ul>\n<li class=\"font_8\">Planificaci\u00f3n y creaci\u00f3n de vitrinas y escenarios: lookbook, tendencias, composiciones, promociones, campa\u00f1as de temporada, puntos de venta agotados, liquidaci\u00f3n, calendario de comercio electr\u00f3nico y otros.<\/li>\n<li class=\"font_8\">B\u00fasqueda de contenido y planificaci\u00f3n<\/li>\n<li class=\"font_8\">Dise\u00f1o y pancartas<\/li>\n<li class=\"font_8\">Redacci\u00f3n<\/li>\n<li class=\"font_8\">SEO y construcci\u00f3n de enlaces<\/li>\n<li class=\"font_8\">Selecci\u00f3n de SKU de producto para cada escaparate o p\u00e1gina de destino.<\/li>\n<li class=\"font_8\">Informe de medici\u00f3n de resultados.<\/li>\n<\/ul>\n","protected":false},"excerpt":{"rendered":"<p class=\"font_8\">Las tiendas en l\u00ednea tambi\u00e9n necesitan visual merchandising. \u00a1Creamos vitrinas con contenido inspirador y para m\u00e1s ventas!<\/p>\n","protected":false},"featured_media":98,"comment_status":"open","ping_status":"closed","template":"","meta":[],"product_cat":[18],"product_tag":[42,31,43,44],"class_list":["post-97","product","type-product","status-publish","has-post-thumbnail","hentry","product_cat-branding","product_tag-diseno-creativo","product_tag-ecommerce","product_tag-merchandising","product_tag-tiendas-online"],"_links":{"self":[{"href":"https:\/\/plus-bits.com\/tienda\/wp-json\/wp\/v2\/product\/97","targetHints":{"allow":["GET"]}}],"collection":[{"href":"https:\/\/plus-bits.com\/tienda\/wp-json\/wp\/v2\/product"}],"about":[{"href":"https:\/\/plus-bits.com\/tienda\/wp-json\/wp\/v2\/types\/product"}],"replies":[{"embeddable":true,"href":"https:\/\/plus-bits.com\/tienda\/wp-json\/wp\/v2\/comments?post=97"}],"wp:featuredmedia":[{"embeddable":true,"href":"https:\/\/plus-bits.com\/tienda\/wp-json\/wp\/v2\/media\/98"}],"wp:attachment":[{"href":"https:\/\/plus-bits.com\/tienda\/wp-json\/wp\/v2\/media?parent=97"}],"wp:term":[{"taxonomy":"product_cat","embeddable":true,"href":"https:\/\/plus-bits.com\/tienda\/wp-json\/wp\/v2\/product_cat?post=97"},{"taxonomy":"product_tag","embeddable":true,"href":"https:\/\/plus-bits.com\/tienda\/wp-json\/wp\/v2\/product_tag?post=97"}],"curies":[{"name":"wp","href":"https:\/\/api.w.org\/{rel}","templated":true}]}}