{"id":34,"date":"2020-06-12T21:26:24","date_gmt":"2020-06-12T21:26:24","guid":{"rendered":"https:\/\/plusbits.digital\/tienda\/?post_type=product&#038;p=34"},"modified":"2020-06-12T23:10:07","modified_gmt":"2020-06-12T23:10:07","slug":"anuncio-de-display","status":"publish","type":"product","link":"https:\/\/plus-bits.com\/tienda\/producto\/anuncio-de-display\/","title":{"rendered":"Anuncio de Display"},"content":{"rendered":"<ul>\n<li class=\"_1xwp\">An\u00e1lisis inicial.<\/li>\n<li class=\"_1xwp\">B\u00fasqueda y selecci\u00f3n de palabras clave.<\/li>\n<li>Creaci\u00f3n del banner personalizado<\/li>\n<li class=\"_1xwp\">Segmentaci\u00f3n de 1 mercado objetivo.<\/li>\n<li class=\"_1xwp\">Propuesta de campa\u00f1a con el presupuesto del cliente.<\/li>\n<li class=\"_1xwp\">Lanzamiento y monitoreo de campa\u00f1a.<\/li>\n<li class=\"_1xwp\">Un agente social conecta asignado.<\/li>\n<li class=\"_1xwp\">Duraci\u00f3n m\u00e1xima de 30 d\u00edas.<\/li>\n<li class=\"_1xwp\">Reporte de resultados.<\/li>\n<\/ul>\n","protected":false},"excerpt":{"rendered":"<p>Campa\u00f1a de anuncios display en p\u00e1ginas web con usuarios interesados a tu nicho<\/p>\n","protected":false},"featured_media":35,"comment_status":"open","ping_status":"closed","template":"","meta":[],"product_cat":[15],"product_tag":[24,25,27,26,23],"class_list":["post-34","product","type-product","status-publish","has-post-thumbnail","hentry","product_cat-sin-categorizar","product_tag-anuncios","product_tag-banner","product_tag-blogs","product_tag-noticieros","product_tag-publicidad"],"_links":{"self":[{"href":"https:\/\/plus-bits.com\/tienda\/wp-json\/wp\/v2\/product\/34","targetHints":{"allow":["GET"]}}],"collection":[{"href":"https:\/\/plus-bits.com\/tienda\/wp-json\/wp\/v2\/product"}],"about":[{"href":"https:\/\/plus-bits.com\/tienda\/wp-json\/wp\/v2\/types\/product"}],"replies":[{"embeddable":true,"href":"https:\/\/plus-bits.com\/tienda\/wp-json\/wp\/v2\/comments?post=34"}],"wp:featuredmedia":[{"embeddable":true,"href":"https:\/\/plus-bits.com\/tienda\/wp-json\/wp\/v2\/media\/35"}],"wp:attachment":[{"href":"https:\/\/plus-bits.com\/tienda\/wp-json\/wp\/v2\/media?parent=34"}],"wp:term":[{"taxonomy":"product_cat","embeddable":true,"href":"https:\/\/plus-bits.com\/tienda\/wp-json\/wp\/v2\/product_cat?post=34"},{"taxonomy":"product_tag","embeddable":true,"href":"https:\/\/plus-bits.com\/tienda\/wp-json\/wp\/v2\/product_tag?post=34"}],"curies":[{"name":"wp","href":"https:\/\/api.w.org\/{rel}","templated":true}]}}