{"id":32,"date":"2020-06-12T21:23:34","date_gmt":"2020-06-12T21:23:34","guid":{"rendered":"https:\/\/plusbits.digital\/tienda\/?post_type=product&#038;p=32"},"modified":"2020-06-12T23:10:09","modified_gmt":"2020-06-12T23:10:09","slug":"anuncio-de-busqueda","status":"publish","type":"product","link":"https:\/\/plus-bits.com\/tienda\/producto\/anuncio-de-busqueda\/","title":{"rendered":"Anuncio de b\u00fasqueda"},"content":{"rendered":"<ul>\n<li>An\u00e1lisis inicial.<\/li>\n<li>B\u00fasqueda y selecci\u00f3n de palabras clave.<\/li>\n<li>Segmentaci\u00f3n de 1 mercado objetivo.<\/li>\n<li>Propuesta de campa\u00f1a con el presupuesto de cliente.<\/li>\n<li>Lanzamiento y monitoreo de campa\u00f1a.<\/li>\n<li>Duraci\u00f3n m\u00e1xima de 30 d\u00edas.<\/li>\n<li>Un agente PlusBits asignado.<\/li>\n<li>Reporte de resultados.<\/li>\n<\/ul>\n","protected":false},"excerpt":{"rendered":"<p>Campa\u00f1a de anuncios de b\u00fasqueda en Google ads profesional.<\/p>\n","protected":false},"featured_media":33,"comment_status":"open","ping_status":"closed","template":"","meta":[],"product_cat":[20],"product_tag":[21,22,23],"class_list":["post-32","product","type-product","status-publish","has-post-thumbnail","hentry","product_cat-campanas","product_tag-ads","product_tag-campana","product_tag-publicidad"],"_links":{"self":[{"href":"https:\/\/plus-bits.com\/tienda\/wp-json\/wp\/v2\/product\/32","targetHints":{"allow":["GET"]}}],"collection":[{"href":"https:\/\/plus-bits.com\/tienda\/wp-json\/wp\/v2\/product"}],"about":[{"href":"https:\/\/plus-bits.com\/tienda\/wp-json\/wp\/v2\/types\/product"}],"replies":[{"embeddable":true,"href":"https:\/\/plus-bits.com\/tienda\/wp-json\/wp\/v2\/comments?post=32"}],"wp:featuredmedia":[{"embeddable":true,"href":"https:\/\/plus-bits.com\/tienda\/wp-json\/wp\/v2\/media\/33"}],"wp:attachment":[{"href":"https:\/\/plus-bits.com\/tienda\/wp-json\/wp\/v2\/media?parent=32"}],"wp:term":[{"taxonomy":"product_cat","embeddable":true,"href":"https:\/\/plus-bits.com\/tienda\/wp-json\/wp\/v2\/product_cat?post=32"},{"taxonomy":"product_tag","embeddable":true,"href":"https:\/\/plus-bits.com\/tienda\/wp-json\/wp\/v2\/product_tag?post=32"}],"curies":[{"name":"wp","href":"https:\/\/api.w.org\/{rel}","templated":true}]}}