{"id":20,"date":"2020-06-12T21:06:35","date_gmt":"2020-06-12T21:06:35","guid":{"rendered":"https:\/\/plusbits.digital\/tienda\/?post_type=product&#038;p=20"},"modified":"2020-06-16T01:15:20","modified_gmt":"2020-06-16T06:15:20","slug":"diseno-de-marca","status":"publish","type":"product","link":"https:\/\/plus-bits.com\/tienda\/producto\/diseno-de-marca\/","title":{"rendered":"Dise\u00f1o de marca (Logo, Bocetos, \u00cdconos, etc)"},"content":{"rendered":"<p class=\"font_8\">Identidad corporativa, Dise\u00f1o de imagen de empresa, Creaci\u00f3n de marcas, Branding, Logos de empresas.<\/p>\n<p class=\"font_8\"><span class=\"wixGuard\">\u200b<\/span>La identidad corporativa es la representaci\u00f3n o imagen conceptual que un espectador tiene de una organizaci\u00f3n o de una empresa, la imagen corporativa es una parte de la identidad corporativa que hace referencia a los aspectos visuales de dicha representaci\u00f3n. La identidad corporativa no trata s\u00f3lo del\u00a0logotipo\u00a0de la empresa, la identidad corporativa es la imagen, las sensaciones, las emociones, la filosof\u00eda y los valores que la empresa transmite al exterior y por extensi\u00f3n, la representaci\u00f3n de todo ese conjunto de elementos que nosotros como espectadores percibimos ella.<\/p>\n<ul>\n<li class=\"font_8\">Investigaci\u00f3n del target<\/li>\n<li class=\"font_8\">Historia de la empresa<\/li>\n<li class=\"font_8\">Dise\u00f1o de elementos<\/li>\n<li class=\"font_8\">\u00cdconos<\/li>\n<li class=\"font_8\">Bocetos<\/li>\n<li class=\"font_8\">Logot\u00edpo<\/li>\n<\/ul>\n","protected":false},"excerpt":{"rendered":"<p>Dise\u00f1o de identidad de marca completa<\/p>\n","protected":false},"featured_media":21,"comment_status":"open","ping_status":"closed","template":"","meta":[],"product_cat":[18],"product_tag":[],"class_list":["post-20","product","type-product","status-publish","has-post-thumbnail","hentry","product_cat-branding"],"_links":{"self":[{"href":"https:\/\/plus-bits.com\/tienda\/wp-json\/wp\/v2\/product\/20","targetHints":{"allow":["GET"]}}],"collection":[{"href":"https:\/\/plus-bits.com\/tienda\/wp-json\/wp\/v2\/product"}],"about":[{"href":"https:\/\/plus-bits.com\/tienda\/wp-json\/wp\/v2\/types\/product"}],"replies":[{"embeddable":true,"href":"https:\/\/plus-bits.com\/tienda\/wp-json\/wp\/v2\/comments?post=20"}],"wp:featuredmedia":[{"embeddable":true,"href":"https:\/\/plus-bits.com\/tienda\/wp-json\/wp\/v2\/media\/21"}],"wp:attachment":[{"href":"https:\/\/plus-bits.com\/tienda\/wp-json\/wp\/v2\/media?parent=20"}],"wp:term":[{"taxonomy":"product_cat","embeddable":true,"href":"https:\/\/plus-bits.com\/tienda\/wp-json\/wp\/v2\/product_cat?post=20"},{"taxonomy":"product_tag","embeddable":true,"href":"https:\/\/plus-bits.com\/tienda\/wp-json\/wp\/v2\/product_tag?post=20"}],"curies":[{"name":"wp","href":"https:\/\/api.w.org\/{rel}","templated":true}]}}