{"id":15,"date":"2020-06-12T16:02:33","date_gmt":"2020-06-12T16:02:33","guid":{"rendered":"https:\/\/plusbits.digital\/tienda\/?post_type=product&#038;p=15"},"modified":"2020-06-12T21:07:44","modified_gmt":"2020-06-12T21:07:44","slug":"pagina-web-ecommerce-tienda","status":"publish","type":"product","link":"https:\/\/plus-bits.com\/tienda\/producto\/pagina-web-ecommerce-tienda\/","title":{"rendered":"P\u00e1gina web eCommerce Tienda"},"content":{"rendered":"<p>Tu sitio web con tienda en linea de tu negocio lista para mostrar tus productos y despegar tus ventas.<\/p>\n<p><strong>Incluye<\/strong>:<\/p>\n<ul>\n<li>Dominio .com o .net gratis<\/li>\n<li>Creaci\u00f3n de tienda<\/li>\n<li>Configuraci\u00f3n de pagos<\/li>\n<li>Configuraci\u00f3n de env\u00edos y cat\u00e1logos<\/li>\n<li>Carga de hasta 30 productos<\/li>\n<li>Alta en buscadores<\/li>\n<li>Formulario de contacto<\/li>\n<li>Link a redes sociales<\/li>\n<li>Hosting Plusbits<\/li>\n<li>Configuraci\u00f3n de Blog<\/li>\n<li>Dise\u00f1o de hasta 10 secciones<\/li>\n<li>Optimizaci\u00f3n SEO<\/li>\n<\/ul>\n","protected":false},"excerpt":{"rendered":"<p>Dise\u00f1o web de pagina con tienda, blog y pagos para negocios con hasta 10 secciones personalizadas.<\/p>\n","protected":false},"featured_media":22,"comment_status":"open","ping_status":"closed","template":"","meta":[],"product_cat":[16],"product_tag":[17],"class_list":["post-15","product","type-product","status-publish","has-post-thumbnail","hentry","product_cat-paginas-web","product_tag-pagina-web"],"_links":{"self":[{"href":"https:\/\/plus-bits.com\/tienda\/wp-json\/wp\/v2\/product\/15","targetHints":{"allow":["GET"]}}],"collection":[{"href":"https:\/\/plus-bits.com\/tienda\/wp-json\/wp\/v2\/product"}],"about":[{"href":"https:\/\/plus-bits.com\/tienda\/wp-json\/wp\/v2\/types\/product"}],"replies":[{"embeddable":true,"href":"https:\/\/plus-bits.com\/tienda\/wp-json\/wp\/v2\/comments?post=15"}],"wp:featuredmedia":[{"embeddable":true,"href":"https:\/\/plus-bits.com\/tienda\/wp-json\/wp\/v2\/media\/22"}],"wp:attachment":[{"href":"https:\/\/plus-bits.com\/tienda\/wp-json\/wp\/v2\/media?parent=15"}],"wp:term":[{"taxonomy":"product_cat","embeddable":true,"href":"https:\/\/plus-bits.com\/tienda\/wp-json\/wp\/v2\/product_cat?post=15"},{"taxonomy":"product_tag","embeddable":true,"href":"https:\/\/plus-bits.com\/tienda\/wp-json\/wp\/v2\/product_tag?post=15"}],"curies":[{"name":"wp","href":"https:\/\/api.w.org\/{rel}","templated":true}]}}